{"id":6966,"date":"2022-04-19T10:55:13","date_gmt":"2022-04-19T10:55:13","guid":{"rendered":"https:\/\/vinaferk.com\/o-nas\/"},"modified":"2022-11-08T15:59:53","modified_gmt":"2022-11-08T15:59:53","slug":"ueber-uns","status":"publish","type":"page","link":"https:\/\/vinaferk.com\/de\/ueber-uns\/","title":{"rendered":"\u00dcber uns"},"content":{"rendered":"\t\t<div data-elementor-type=\"wp-page\" data-elementor-id=\"6966\" class=\"elementor elementor-6966 elementor-1239\">\n\t\t\t\t\t\t\t\t\t<section class=\"elementor-section elementor-top-section elementor-element elementor-element-65815b9 elementor-section-full_width qodef-elementor-content-grid elementor-section-height-default elementor-section-height-default elementor-invisible\" data-id=\"65815b9\" data-element_type=\"section\" data-settings=\"{&quot;animation&quot;:&quot;fadeIn&quot;}\">\n\t\t\t\t\t\t<div class=\"elementor-container elementor-column-gap-default\">\n\t\t\t\t\t<div class=\"elementor-column elementor-col-50 elementor-top-column elementor-element elementor-element-4d2331e\" data-id=\"4d2331e\" data-element_type=\"column\">\n\t\t\t<div class=\"elementor-widget-wrap elementor-element-populated\">\n\t\t\t\t\t\t\t\t<div class=\"elementor-element elementor-element-5fbe80f elementor-widget elementor-widget-loire_core_section_title\" data-id=\"5fbe80f\" data-element_type=\"widget\" data-widget_type=\"loire_core_section_title.default\">\n\t\t\t\t<div class=\"elementor-widget-container\">\n\t\t\t<div class=\"qodef-shortcode qodef-m  qodef-section-title qodef-alignment--left \">\n\t\t<p class=\"qodef-m-subtitle\" >WER SIND WIR<\/p>\n\t\t<h2 class=\"qodef-m-title\" >\n\t\t\t\t\tEwige Hingabe\t\t\t<\/h2>\n\t\t<p class=\"qodef-m-text\" style=\"font-style: normal\">Die Familie Ferk hat eine Weinbau- und Weinherstellungstradition seit mehreren Generationen, und die Produktion von Weinen h\u00f6chster Qualit\u00e4t f\u00fcr den breiteren Markt ist das Ziel von Milan Ferk, dem derzeitigen Eigent\u00fcmer, der seit seiner fr\u00fchen Jugend eine Leidenschaft f\u00fcr die Rebe pflegt. Als Teenager \u00fcbernahm er die Leitung eines kleinen Familiengutes und begann seine Liebe zum Weinbau im Weinkeller des alten Geh\u00f6fts zu entwickeln. <\/p>\n<\/div>\n\t\t<\/div>\n\t\t\t\t<\/div>\n\t\t\t\t\t<\/div>\n\t\t<\/div>\n\t\t\t\t<div class=\"elementor-column elementor-col-50 elementor-top-column elementor-element elementor-element-50226ef\" data-id=\"50226ef\" data-element_type=\"column\">\n\t\t\t<div class=\"elementor-widget-wrap elementor-element-populated\">\n\t\t\t\t\t\t\t\t<div class=\"elementor-element elementor-element-5948601 elementor-widget elementor-widget-text-editor\" data-id=\"5948601\" data-element_type=\"widget\" data-widget_type=\"text-editor.default\">\n\t\t\t\t<div class=\"elementor-widget-container\">\n\t\t\t<style>\/*! elementor - v3.8.0 - 30-10-2022 *\/\n.elementor-widget-text-editor.elementor-drop-cap-view-stacked .elementor-drop-cap{background-color:#818a91;color:#fff}.elementor-widget-text-editor.elementor-drop-cap-view-framed .elementor-drop-cap{color:#818a91;border:3px solid;background-color:transparent}.elementor-widget-text-editor:not(.elementor-drop-cap-view-default) .elementor-drop-cap{margin-top:8px}.elementor-widget-text-editor:not(.elementor-drop-cap-view-default) .elementor-drop-cap-letter{width:1em;height:1em}.elementor-widget-text-editor .elementor-drop-cap{float:left;text-align:center;line-height:1;font-size:50px}.elementor-widget-text-editor .elementor-drop-cap-letter{display:inline-block}<\/style>\t\t\t\t<p>Im Laufe der Jahre pr\u00fcfte er viele Methoden der Weinherstellung, doch immer zog es ihn zur\u00fcck zu den Wurzeln, zur traditionellen und nat\u00fcrlichen Art der Herstellung, die er heute auf seinem erweiterten Anwesen und im neuen Weinkeller verwirklicht.<\/p>\t\t\t\t\t\t<\/div>\n\t\t\t\t<\/div>\n\t\t\t\t\t<\/div>\n\t\t<\/div>\n\t\t\t\t\t\t\t<\/div>\n\t\t<\/section>\n\t\t\t\t<section class=\"elementor-section elementor-top-section elementor-element elementor-element-f40d27a elementor-section-height-min-height elementor-section-boxed elementor-section-height-default elementor-section-items-middle qodef-elementor-content-no elementor-invisible\" data-id=\"f40d27a\" data-element_type=\"section\" data-settings=\"{&quot;background_background&quot;:&quot;classic&quot;,&quot;animation&quot;:&quot;fadeIn&quot;}\">\n\t\t\t\t\t\t<div class=\"elementor-container elementor-column-gap-default\">\n\t\t\t\t\t<div class=\"elementor-column elementor-col-100 elementor-top-column elementor-element elementor-element-9f4cf2b\" data-id=\"9f4cf2b\" data-element_type=\"column\">\n\t\t\t<div class=\"elementor-widget-wrap\">\n\t\t\t\t\t\t\t\t\t<\/div>\n\t\t<\/div>\n\t\t\t\t\t\t\t<\/div>\n\t\t<\/section>\n\t\t\t\t<section class=\"elementor-section elementor-top-section elementor-element elementor-element-8fb2d18 elementor-section-full_width qodef-elementor-content-grid elementor-section-height-default elementor-section-height-default elementor-invisible\" data-id=\"8fb2d18\" data-element_type=\"section\" data-settings=\"{&quot;background_background&quot;:&quot;classic&quot;,&quot;animation&quot;:&quot;fadeIn&quot;}\">\n\t\t\t\t\t\t<div class=\"elementor-container elementor-column-gap-default\">\n\t\t\t\t\t<div class=\"elementor-column elementor-col-50 elementor-top-column elementor-element elementor-element-1688f36\" data-id=\"1688f36\" data-element_type=\"column\">\n\t\t\t<div class=\"elementor-widget-wrap elementor-element-populated\">\n\t\t\t\t\t\t\t\t<div class=\"elementor-element elementor-element-af37fa6 elementor-widget elementor-widget-loire_core_section_title\" data-id=\"af37fa6\" data-element_type=\"widget\" data-widget_type=\"loire_core_section_title.default\">\n\t\t\t\t<div class=\"elementor-widget-container\">\n\t\t\t<div class=\"qodef-shortcode qodef-m  qodef-section-title qodef-alignment--left \">\n\t\t<p class=\"qodef-m-subtitle\" >Frieden in sich sp\u00fcren<\/p>\n\t\t<h2 class=\"qodef-m-title\" >\n\t\t\t\t\tWEINKELLER UND ANWESEN\t\t\t<\/h2>\n\t\t<p class=\"qodef-m-text\" style=\"font-style: normal\">Wir befinden uns in Metava, einem Weiler des Ortes Male\u010dnik, der \u00f6stlich von Maribor zwischen der Drau und dem Pesnica-Tal liegt. Hier beginnen die Weinberge, eine Art Tor zum H\u00fcgelland Slovenske gorice, und hier verl\u00e4uft auch die Mariborer Weinstra\u00dfe. \nUnser Anwesen liegt an den H\u00e4ngen rund um ein abgelegenes Tal. Wir sind nicht weit vom Trubel der Stadt entfernt, aber hier werden Sie von einer besonderen Ruhe \u00fcbernommen.\n<\/p>\n<\/div>\n\t\t<\/div>\n\t\t\t\t<\/div>\n\t\t\t\t\t<\/div>\n\t\t<\/div>\n\t\t\t\t<div class=\"elementor-column elementor-col-50 elementor-top-column elementor-element elementor-element-12d81f5\" data-id=\"12d81f5\" data-element_type=\"column\">\n\t\t\t<div class=\"elementor-widget-wrap elementor-element-populated\">\n\t\t\t\t\t\t\t\t<div class=\"elementor-element elementor-element-c7f9d4f elementor-widget elementor-widget-text-editor\" data-id=\"c7f9d4f\" data-element_type=\"widget\" data-widget_type=\"text-editor.default\">\n\t\t\t\t<div class=\"elementor-widget-container\">\n\t\t\t\t\t\t\t<p>Unsere Reben wachsen zwischen <strong>300 und 340 Meter \u00fcber dem Meeresspiegel<\/strong>, teils auf Mergel-, teils auf Kalksteinb\u00f6den. Letztere beeinflussen deutlich insbesondere den Geschmack unseres au\u00dfergew\u00f6hnlichen Blauen Limbergers.<\/p><p>Grundst\u00fccksgr\u00f6\u00dfe: <strong>20 Hektar<\/strong><br \/>Anzahl der Weinst\u00f6cke: <strong>60.000<\/strong><br \/>Weinkellerkapazit\u00e4t: <strong>150.000 Liter<\/strong><\/p>\t\t\t\t\t\t<\/div>\n\t\t\t\t<\/div>\n\t\t\t\t\t<\/div>\n\t\t<\/div>\n\t\t\t\t\t\t\t<\/div>\n\t\t<\/section>\n\t\t\t\t<section class=\"elementor-section elementor-top-section elementor-element elementor-element-6fd9f11 elementor-section-full_width elementor-section-height-default elementor-section-height-default qodef-elementor-content-no elementor-invisible\" data-id=\"6fd9f11\" data-element_type=\"section\" data-settings=\"{&quot;animation&quot;:&quot;fadeIn&quot;}\">\n\t\t\t\t\t\t<div class=\"elementor-container elementor-column-gap-no\">\n\t\t\t\t\t<div class=\"elementor-column elementor-col-100 elementor-top-column elementor-element elementor-element-2bf1f8f\" data-id=\"2bf1f8f\" data-element_type=\"column\">\n\t\t\t<div class=\"elementor-widget-wrap elementor-element-populated\">\n\t\t\t\t\t\t\t\t<div class=\"elementor-element elementor-element-b148e15 elementor-widget elementor-widget-qi_addons_for_elementor_image_gallery\" data-id=\"b148e15\" data-element_type=\"widget\" data-widget_type=\"qi_addons_for_elementor_image_gallery.default\">\n\t\t\t\t<div class=\"elementor-widget-container\">\n\t\t\t<div class=\"qodef-shortcode qodef-m  qodef-qi-image-gallery qodef-qi-fslightbox-popup qodef-popup-gallery qodef-image--hover-zoom  qodef-qi-grid qodef-layout--qi-columns  qodef-col-num--6   qodef-responsive--predefined\">\n\t<div class=\"qodef-grid-inner\">\n\t\t<div class=\"qodef-e qodef-image-wrapper qodef-grid-item\">\n\t<div class=\"qodef-e-inner\">\n\t\t\t\t\t<a class=\"qodef-popup-item\" itemprop=\"image\" href=\"https:\/\/vinaferk.com\/wp-content\/uploads\/2022\/10\/ferk-klet-6.webp\" data-type=\"image\" data-fslightbox=\"gallery-794\">\n\t\t\t\t\t\t<img loading=\"lazy\" decoding=\"async\" width=\"900\" height=\"900\" src=\"https:\/\/vinaferk.com\/wp-content\/uploads\/2022\/10\/ferk-klet-6.webp\" class=\"attachment-full size-full\" alt=\"\" srcset=\"https:\/\/vinaferk.com\/wp-content\/uploads\/2022\/10\/ferk-klet-6.webp 900w, https:\/\/vinaferk.com\/wp-content\/uploads\/2022\/10\/ferk-klet-6-300x300.webp 300w, https:\/\/vinaferk.com\/wp-content\/uploads\/2022\/10\/ferk-klet-6-150x150.webp 150w, https:\/\/vinaferk.com\/wp-content\/uploads\/2022\/10\/ferk-klet-6-768x768.webp 768w, https:\/\/vinaferk.com\/wp-content\/uploads\/2022\/10\/ferk-klet-6-650x650.webp 650w\" sizes=\"auto, (max-width: 900px) 100vw, 900px\" \/>\t\t\t\t\t<\/a>\n\t\t\t<\/div>\n<\/div>\n<div class=\"qodef-e qodef-image-wrapper qodef-grid-item\">\n\t<div class=\"qodef-e-inner\">\n\t\t\t\t\t<a class=\"qodef-popup-item\" itemprop=\"image\" href=\"https:\/\/vinaferk.com\/wp-content\/uploads\/2022\/10\/ferk-klet-5.webp\" data-type=\"image\" data-fslightbox=\"gallery-794\">\n\t\t\t\t\t\t<img loading=\"lazy\" decoding=\"async\" width=\"900\" height=\"900\" src=\"https:\/\/vinaferk.com\/wp-content\/uploads\/2022\/10\/ferk-klet-5.webp\" class=\"attachment-full size-full\" alt=\"\" srcset=\"https:\/\/vinaferk.com\/wp-content\/uploads\/2022\/10\/ferk-klet-5.webp 900w, https:\/\/vinaferk.com\/wp-content\/uploads\/2022\/10\/ferk-klet-5-300x300.webp 300w, https:\/\/vinaferk.com\/wp-content\/uploads\/2022\/10\/ferk-klet-5-150x150.webp 150w, https:\/\/vinaferk.com\/wp-content\/uploads\/2022\/10\/ferk-klet-5-768x768.webp 768w, https:\/\/vinaferk.com\/wp-content\/uploads\/2022\/10\/ferk-klet-5-650x650.webp 650w\" sizes=\"auto, (max-width: 900px) 100vw, 900px\" \/>\t\t\t\t\t<\/a>\n\t\t\t<\/div>\n<\/div>\n<div class=\"qodef-e qodef-image-wrapper qodef-grid-item\">\n\t<div class=\"qodef-e-inner\">\n\t\t\t\t\t<a class=\"qodef-popup-item\" itemprop=\"image\" href=\"https:\/\/vinaferk.com\/wp-content\/uploads\/2022\/10\/ferk-klet-4.webp\" data-type=\"image\" data-fslightbox=\"gallery-794\">\n\t\t\t\t\t\t<img loading=\"lazy\" decoding=\"async\" width=\"900\" height=\"900\" src=\"https:\/\/vinaferk.com\/wp-content\/uploads\/2022\/10\/ferk-klet-4.webp\" class=\"attachment-full size-full\" alt=\"\" srcset=\"https:\/\/vinaferk.com\/wp-content\/uploads\/2022\/10\/ferk-klet-4.webp 900w, https:\/\/vinaferk.com\/wp-content\/uploads\/2022\/10\/ferk-klet-4-300x300.webp 300w, https:\/\/vinaferk.com\/wp-content\/uploads\/2022\/10\/ferk-klet-4-150x150.webp 150w, https:\/\/vinaferk.com\/wp-content\/uploads\/2022\/10\/ferk-klet-4-768x768.webp 768w, https:\/\/vinaferk.com\/wp-content\/uploads\/2022\/10\/ferk-klet-4-650x650.webp 650w\" sizes=\"auto, (max-width: 900px) 100vw, 900px\" \/>\t\t\t\t\t<\/a>\n\t\t\t<\/div>\n<\/div>\n<div class=\"qodef-e qodef-image-wrapper qodef-grid-item\">\n\t<div class=\"qodef-e-inner\">\n\t\t\t\t\t<a class=\"qodef-popup-item\" itemprop=\"image\" href=\"https:\/\/vinaferk.com\/wp-content\/uploads\/2022\/11\/ferk-klet-3.webp\" data-type=\"image\" data-fslightbox=\"gallery-794\">\n\t\t\t\t\t\t<img loading=\"lazy\" decoding=\"async\" width=\"900\" height=\"900\" src=\"https:\/\/vinaferk.com\/wp-content\/uploads\/2022\/11\/ferk-klet-3.webp\" class=\"attachment-full size-full\" alt=\"\" srcset=\"https:\/\/vinaferk.com\/wp-content\/uploads\/2022\/11\/ferk-klet-3.webp 900w, https:\/\/vinaferk.com\/wp-content\/uploads\/2022\/11\/ferk-klet-3-300x300.webp 300w, https:\/\/vinaferk.com\/wp-content\/uploads\/2022\/11\/ferk-klet-3-150x150.webp 150w, https:\/\/vinaferk.com\/wp-content\/uploads\/2022\/11\/ferk-klet-3-768x768.webp 768w, https:\/\/vinaferk.com\/wp-content\/uploads\/2022\/11\/ferk-klet-3-650x650.webp 650w\" sizes=\"auto, (max-width: 900px) 100vw, 900px\" \/>\t\t\t\t\t<\/a>\n\t\t\t<\/div>\n<\/div>\n<div class=\"qodef-e qodef-image-wrapper qodef-grid-item\">\n\t<div class=\"qodef-e-inner\">\n\t\t\t\t\t<a class=\"qodef-popup-item\" itemprop=\"image\" href=\"https:\/\/vinaferk.com\/wp-content\/uploads\/2022\/10\/ferk-klet-2.webp\" data-type=\"image\" data-fslightbox=\"gallery-794\">\n\t\t\t\t\t\t<img loading=\"lazy\" decoding=\"async\" width=\"900\" height=\"900\" src=\"https:\/\/vinaferk.com\/wp-content\/uploads\/2022\/10\/ferk-klet-2.webp\" class=\"attachment-full size-full\" alt=\"\" srcset=\"https:\/\/vinaferk.com\/wp-content\/uploads\/2022\/10\/ferk-klet-2.webp 900w, https:\/\/vinaferk.com\/wp-content\/uploads\/2022\/10\/ferk-klet-2-300x300.webp 300w, https:\/\/vinaferk.com\/wp-content\/uploads\/2022\/10\/ferk-klet-2-150x150.webp 150w, https:\/\/vinaferk.com\/wp-content\/uploads\/2022\/10\/ferk-klet-2-768x768.webp 768w, https:\/\/vinaferk.com\/wp-content\/uploads\/2022\/10\/ferk-klet-2-650x650.webp 650w\" sizes=\"auto, (max-width: 900px) 100vw, 900px\" \/>\t\t\t\t\t<\/a>\n\t\t\t<\/div>\n<\/div>\n<div class=\"qodef-e qodef-image-wrapper qodef-grid-item\">\n\t<div class=\"qodef-e-inner\">\n\t\t\t\t\t<a class=\"qodef-popup-item\" itemprop=\"image\" href=\"https:\/\/vinaferk.com\/wp-content\/uploads\/2022\/11\/Vina-Ferk-032-scaled-e1667919361269.jpg\" data-type=\"image\" data-fslightbox=\"gallery-794\">\n\t\t\t\t\t\t<img loading=\"lazy\" decoding=\"async\" width=\"1708\" height=\"1707\" src=\"https:\/\/vinaferk.com\/wp-content\/uploads\/2022\/11\/Vina-Ferk-032-scaled-e1667919361269.jpg\" class=\"attachment-full size-full\" alt=\"\" srcset=\"https:\/\/vinaferk.com\/wp-content\/uploads\/2022\/11\/Vina-Ferk-032-scaled-e1667919361269.jpg 1708w, https:\/\/vinaferk.com\/wp-content\/uploads\/2022\/11\/Vina-Ferk-032-scaled-e1667919361269-300x300.jpg 300w, https:\/\/vinaferk.com\/wp-content\/uploads\/2022\/11\/Vina-Ferk-032-scaled-e1667919361269-1024x1024.jpg 1024w, https:\/\/vinaferk.com\/wp-content\/uploads\/2022\/11\/Vina-Ferk-032-scaled-e1667919361269-150x150.jpg 150w, https:\/\/vinaferk.com\/wp-content\/uploads\/2022\/11\/Vina-Ferk-032-scaled-e1667919361269-768x768.jpg 768w, https:\/\/vinaferk.com\/wp-content\/uploads\/2022\/11\/Vina-Ferk-032-scaled-e1667919361269-1536x1536.jpg 1536w, https:\/\/vinaferk.com\/wp-content\/uploads\/2022\/11\/Vina-Ferk-032-scaled-e1667919361269-650x650.jpg 650w, https:\/\/vinaferk.com\/wp-content\/uploads\/2022\/11\/Vina-Ferk-032-scaled-e1667919361269-1300x1300.jpg 1300w\" sizes=\"auto, (max-width: 1708px) 100vw, 1708px\" \/>\t\t\t\t\t<\/a>\n\t\t\t<\/div>\n<\/div>\n\t<\/div>\n<\/div>\n\t\t<\/div>\n\t\t\t\t<\/div>\n\t\t\t\t\t<\/div>\n\t\t<\/div>\n\t\t\t\t\t\t\t<\/div>\n\t\t<\/section>\n\t\t\t\t<section class=\"elementor-section elementor-top-section elementor-element elementor-element-680b590 elementor-section-full_width elementor-section-height-default elementor-section-height-default qodef-elementor-content-no elementor-invisible\" data-id=\"680b590\" data-element_type=\"section\" id=\"kako do nas\" data-settings=\"{&quot;animation&quot;:&quot;fadeIn&quot;}\">\n\t\t\t\t\t\t<div class=\"elementor-container elementor-column-gap-no\">\n\t\t\t\t\t<div class=\"elementor-column elementor-col-100 elementor-top-column elementor-element elementor-element-25ff5fa\" data-id=\"25ff5fa\" data-element_type=\"column\">\n\t\t\t<div class=\"elementor-widget-wrap elementor-element-populated\">\n\t\t\t\t\t\t\t\t<div class=\"elementor-element elementor-element-134be08 elementor-widget elementor-widget-google_maps\" data-id=\"134be08\" data-element_type=\"widget\" data-widget_type=\"google_maps.default\">\n\t\t\t\t<div class=\"elementor-widget-container\">\n\t\t\t<style>\/*! elementor - v3.8.0 - 30-10-2022 *\/\n.elementor-widget-google_maps .elementor-widget-container{overflow:hidden}.elementor-widget-google_maps iframe{height:300px}<\/style>\t\t<div class=\"elementor-custom-embed\">\n\t\t\t<iframe frameborder=\"0\" scrolling=\"no\" marginheight=\"0\" marginwidth=\"0\"\n\t\t\t\t\tsrc=\"https:\/\/maps.google.com\/maps?q=Metava%2023%2C%202229%20Male%C4%8Dnik%2C%20Slovenija&#038;t=m&#038;z=14&#038;output=embed&#038;iwloc=near\"\n\t\t\t\t\ttitle=\"Metava 23, 2229 Male\u010dnik, Slovenija\"\n\t\t\t\t\taria-label=\"Metava 23, 2229 Male\u010dnik, Slovenija\"\n\t\t\t><\/iframe>\n\t\t<\/div>\n\t\t\t\t<\/div>\n\t\t\t\t<\/div>\n\t\t\t\t\t<\/div>\n\t\t<\/div>\n\t\t\t\t\t\t\t<\/div>\n\t\t<\/section>\n\t\t\t\t\t\t\t<\/div>\n\t\t","protected":false},"excerpt":{"rendered":"<p>WER SIND WIR Ewige Hingabe Die Familie Ferk hat eine Weinbau- und Weinherstellungstradition seit mehreren Generationen, und die Produktion von Weinen h\u00f6chster Qualit\u00e4t f\u00fcr den breiteren Markt ist das Ziel von Milan Ferk, dem derzeitigen Eigent\u00fcmer, der seit seiner fr\u00fchen Jugend eine Leidenschaft f\u00fcr die Rebe pflegt. Als Teenager \u00fcbernahm er die Leitung eines kleinen [&hellip;]<\/p>\n","protected":false},"author":1,"featured_media":0,"parent":0,"menu_order":0,"comment_status":"closed","ping_status":"closed","template":"page-full-width.php","meta":{"inline_featured_image":false,"footnotes":""},"class_list":["post-6966","page","type-page","status-publish","hentry"],"_links":{"self":[{"href":"https:\/\/vinaferk.com\/de\/wp-json\/wp\/v2\/pages\/6966","targetHints":{"allow":["GET"]}}],"collection":[{"href":"https:\/\/vinaferk.com\/de\/wp-json\/wp\/v2\/pages"}],"about":[{"href":"https:\/\/vinaferk.com\/de\/wp-json\/wp\/v2\/types\/page"}],"author":[{"embeddable":true,"href":"https:\/\/vinaferk.com\/de\/wp-json\/wp\/v2\/users\/1"}],"replies":[{"embeddable":true,"href":"https:\/\/vinaferk.com\/de\/wp-json\/wp\/v2\/comments?post=6966"}],"version-history":[{"count":23,"href":"https:\/\/vinaferk.com\/de\/wp-json\/wp\/v2\/pages\/6966\/revisions"}],"predecessor-version":[{"id":7307,"href":"https:\/\/vinaferk.com\/de\/wp-json\/wp\/v2\/pages\/6966\/revisions\/7307"}],"wp:attachment":[{"href":"https:\/\/vinaferk.com\/de\/wp-json\/wp\/v2\/media?parent=6966"}],"curies":[{"name":"wp","href":"https:\/\/api.w.org\/{rel}","templated":true}]}}